{"id":95,"date":"2016-04-20T17:21:03","date_gmt":"2016-04-20T15:21:03","guid":{"rendered":"https:\/\/schulfrei-community.de\/en\/?page_id=95"},"modified":"2016-08-09T09:54:32","modified_gmt":"2016-08-09T07:54:32","slug":"research","status":"publish","type":"page","link":"https:\/\/schulfrei-community.de\/en\/research\/","title":{"rendered":"Research"},"content":{"rendered":"<table style=\"height: 494px;\">\n<tbody>\n<tr>\n<td>2015<\/td>\n<td>Van Pelt, Deani<\/td>\n<td><a href=\"https:\/\/www.fraserinstitute.org\/research\/home-schooling-canada-current-picture%E2%80%942015\" target=\"_blank\">Home schooling in Canada : the current picture &#8211; 2015 edition<\/a><\/td>\n<\/tr>\n<tr>\n<td>2014<\/td>\n<td>Gray, Peter<\/td>\n<td><a href=\"https:\/\/www.psychologytoday.com\/blog\/freedom-learn\/201406\/survey-grown-unschoolers-i-overview-findings\" target=\"_blank\">A Survey of Grown Unschoolers<\/a><\/td>\n<\/tr>\n<tr>\n<td>2013<\/td>\n<td>Gray, Peter<\/td>\n<td><a href=\"https:\/\/jual.nipissingu.ca\/wp-content\/uploads\/sites\/25\/2014\/06\/v72141.pdf\" target=\"_blank\">The Challenges and Benefits of Unschooling, According to 232 Families who have Chosen that Route<\/a><\/td>\n<\/tr>\n<tr>\n<td>2012<\/td>\n<td>Murphy, Joseph<\/td>\n<td><a href=\"https:\/\/www.sagepub.com\/books\/Book237205#tabview=toc\" target=\"_blank\">Homeschooling in America : Capturing and Assessing a Movement<\/a><\/td>\n<\/tr>\n<tr>\n<td>2009<\/td>\n<td>Van Pelt, Deani<\/td>\n<td><a href=\"http:\/\/www.naturalchild.org\/research\/fifteen_years_later.pdf\" target=\"_blank\">Fifteen years later : Home-educated Canadian adults<\/a><\/td>\n<\/tr>\n<tr>\n<td>2009<\/td>\n<td>Ray, Brian D.<\/td>\n<td><a href=\"https:\/\/www.hslda.org\/docs\/study\/ray2009\/2009_Ray_StudyFINAL.pdf\" target=\"_blank\">Progress Report 2009 : Homeschool academic achievement and demographics<\/a><\/td>\n<\/tr>\n<tr>\n<td>2007<\/td>\n<td>Basham, Patrick<\/td>\n<td><a href=\"https:\/\/www.fraserinstitute.org\/studies\/home-schooling-from-the-extreme-to-mainstream-2nd-edition\" target=\"_blank\">Home schooling : from the extreme to the mainstream<\/a> (2nd edition)<\/td>\n<\/tr>\n<tr>\n<td>2004<\/td>\n<td>Beck, Christian W.<\/td>\n<td><a href=\"http:\/\/folk.uio.no\/cbeck\/Home%20Education%20globalisation%202.htm\" target=\"_blank\">Home Education &#8211; Globalisation otherwise?<\/a><\/td>\n<\/tr>\n<tr>\n<td>2004<\/td>\n<td>Rothermel, Paula<\/td>\n<td><a href=\"http:\/\/ecr.sagepub.com\/content\/2\/3\/273.refs\" target=\"_blank\">Home-education : comparison of home- and school-educated children on PIPS baseline assessments<\/a><\/td>\n<\/tr>\n<tr>\n<td>2004<\/td>\n<td>Blok, Henk<\/td>\n<td><a href=\"http:\/\/www.thuisonderwijs.net\/artikelen\/blok-performance-in-homeschooling.pdf\" target=\"_blank\">Performance in home schooling : an argument against compulsory schooling in the Netherlands<\/a><\/td>\n<\/tr>\n<tr>\n<td>2004<\/td>\n<td>Brabant, Christine<\/td>\n<td><a href=\"http:\/\/users.skynet.be\/IEF.be\/articles\/QuebecMemBrabantEdDom.pdf\" target=\"_blank\">L&#8217;\u00e9ducation \u00e0 domicile au Qu\u00e9bec<\/a><\/td>\n<\/tr>\n<tr>\n<td>2003<\/td>\n<td>Ray, Brian D.<\/td>\n<td><a href=\"https:\/\/www.nheri.org\/index.php?option=com_virtuemart&amp;view=productdetails&amp;virtuemart_product_id=17&amp;virtuemart_category_id=3&amp;Itemid=200149\" target=\"_blank\">Home Educated and Now Adults<\/a><\/td>\n<\/tr>\n<tr>\n<td>2003<\/td>\n<td>Ray, Brian D.<\/td>\n<td><a href=\"https:\/\/www.hslda.org\/research\/ray2003\/HomeschoolingGrowsUp.pdf\" target=\"_blank\">Homeschooling grows up<\/a> (synopsis of research by Dr. Brian D. Ray)<\/td>\n<\/tr>\n<tr>\n<td>2002<\/td>\n<td>Thomas, Alan<\/td>\n<td><a href=\"http:\/\/infed.org\/mobi\/informal-learning-home-education-and-homeschooling-home-schooling\/\" target=\"_blank\">Informal learning, home education and homeschooling<\/a><\/td>\n<\/tr>\n<tr>\n<td>2002<\/td>\n<td>Rothermel, Paula<\/td>\n<td><a href=\"http:\/\/www.leeds.ac.uk\/educol\/documents\/00002197.htm\" target=\"_blank\">Home-education : Aims, Practices and Outcomes<\/a><\/td>\n<\/tr>\n<tr>\n<td>2001<\/td>\n<td>Basham, Patrick<\/td>\n<td><a href=\"https:\/\/www.fraserinstitute.org\/studies\/home-schooling-from-the-extreme-to-mainstream\" target=\"_blank\">Home schooling : from the extreme to the mainstream<\/a> (The Fraser Institute, Canada)<\/td>\n<\/tr>\n<tr>\n<td>2000<\/td>\n<td>Arai, A. Bruce<\/td>\n<td><a href=\"http:\/\/www.csse-scee.ca\/CJE\/Articles\/FullText\/CJE25-3\/CJE25-3-arai.pdf\" target=\"_blank\">Reasons for Home Schooling in Canada<\/a><\/td>\n<\/tr>\n<tr>\n<td>1999<\/td>\n<td>Rudner, Lawrence M.<\/td>\n<td><a href=\"http:\/\/epaa.asu.edu\/ojs\/article\/view\/543\/666\" target=\"_blank\">Scholastic achievement and demographic characteristics of home school students in 1998<\/a><\/td>\n<\/tr>\n<tr>\n<td>1997<\/td>\n<td>Ray, Brian D.<\/td>\n<td><a href=\"https:\/\/www.nheri.org\/strengths-of-their-own.html\" target=\"_blank\">Strengths of their own : home schoolers across America<\/a><\/td>\n<\/tr>\n<tr>\n<td>1990<\/td>\n<td>Priesnitz, Wendy<\/td>\n<td><a href=\"http:\/\/www.life.ca\/lifelearningca\/resources\/Home-Based_Education_in_Canada_Priesnitz.pdf\" target=\"_blank\">Home-based education in Canada : an investigation<\/a><\/td>\n<\/tr>\n<\/tbody>\n<\/table>\n<h5><a title=\"back\" href=\"schatzkiste\"><img loading=\"lazy\" src=\"https:\/\/schulfrei-community.de\/wp-content\/uploads\/2016\/02\/Schatzkiste-1024x819.png\" alt=\"\" width=\"100\" height=\"80\" \/><\/a><a href=\"https:\/\/schulfrei-community.de\/en\/treasure-chest\/\">back to the treasure chest<\/a><\/h5>\n","protected":false},"excerpt":{"rendered":"<p>2015 Van Pelt, Deani Home schooling in Canada : the current picture &#8211; 2015 edition 2014 Gray, Peter A Survey of Grown Unschoolers 2013 Gray, Peter The Challenges and Benefits of Unschooling, According to 232 Families who have Chosen that Route 2012 Murphy, Joseph Homeschooling in America : Capturing and Assessing a Movement 2009 Van Pelt, Deani Fifteen years later<\/p>\n","protected":false},"author":9410,"featured_media":0,"parent":0,"menu_order":0,"comment_status":"closed","ping_status":"closed","template":"","meta":{"_bbp_topic_count":0,"_bbp_reply_count":0,"_bbp_total_topic_count":0,"_bbp_total_reply_count":0,"_bbp_voice_count":0,"_bbp_anonymous_reply_count":0,"_bbp_topic_count_hidden":0,"_bbp_reply_count_hidden":0,"_bbp_forum_subforum_count":0},"_links":{"self":[{"href":"https:\/\/schulfrei-community.de\/en\/wp-json\/wp\/v2\/pages\/95"}],"collection":[{"href":"https:\/\/schulfrei-community.de\/en\/wp-json\/wp\/v2\/pages"}],"about":[{"href":"https:\/\/schulfrei-community.de\/en\/wp-json\/wp\/v2\/types\/page"}],"author":[{"embeddable":true,"href":"https:\/\/schulfrei-community.de\/en\/wp-json\/wp\/v2\/users\/9410"}],"replies":[{"embeddable":true,"href":"https:\/\/schulfrei-community.de\/en\/wp-json\/wp\/v2\/comments?post=95"}],"version-history":[{"count":11,"href":"https:\/\/schulfrei-community.de\/en\/wp-json\/wp\/v2\/pages\/95\/revisions"}],"predecessor-version":[{"id":489,"href":"https:\/\/schulfrei-community.de\/en\/wp-json\/wp\/v2\/pages\/95\/revisions\/489"}],"wp:attachment":[{"href":"https:\/\/schulfrei-community.de\/en\/wp-json\/wp\/v2\/media?parent=95"}],"curies":[{"name":"wp","href":"https:\/\/api.w.org\/{rel}","templated":true}]}}